{"id":2,"date":"2025-01-27T19:02:26","date_gmt":"2025-01-27T18:02:26","guid":{"rendered":"http:\/\/xoxoprune.com\/?page_id=2"},"modified":"2026-03-20T13:27:27","modified_gmt":"2026-03-20T12:27:27","slug":"liens","status":"publish","type":"page","link":"https:\/\/xoxoprune.com\/","title":{"rendered":"Liens"},"content":{"rendered":"\n<p class=\"has-medium-font-size\">Voici les liens vers mes diff\u00e9rentes plateformes priv\u00e9es &amp; mes r\u00e9seaux sociaux.<\/p>\n\n\n\n<p>Les fraises \ud83c\udf53 symbolisent un lien menant vers un site pour adulte, interdit aux moins de 18 ans.<\/p>\n\n\n\n<p class=\"has-small-font-size\">\ud83c\udf53 <a href=\"https:\/\/onlyfans.com\/prunette\/c4\">OnlyFans<\/a><\/p>\n\n\n\n<p class=\"has-small-font-size\">\ud83c\udf53 <a href=\"https:\/\/stripchat.com\/xoprune\/follow-me\">Stripchat<\/a><\/p>\n\n\n\n<p class=\"has-small-font-size\">\ud83c\udf53 <a href=\"https:\/\/mym.fans\/Prunette_\" data-type=\"link\" data-id=\"https:\/\/mym.fans\/Prunette_\">MYM<\/a><\/p>\n\n\n\n<p class=\"has-small-font-size\">\ud83c\udf53 <a href=\"https:\/\/t.me\/PrunetteXOXO\">Canal Telegram<\/a><\/p>\n\n\n\n<p class=\"has-small-font-size\">\u2022 <a href=\"https:\/\/discord.gg\/j63DyAwu\">Serveur Discord<\/a> &#8211; pour les alertes de live<\/p>\n\n\n\n<p class=\"has-small-font-size\">\u2022 <a href=\"https:\/\/bsky.app\/profile\/xoxoprune.bsky.social\">BlueSky<\/a><\/p>\n\n\n\n<p class=\"has-small-font-size\">\u2022 <a href=\"https:\/\/www.twitch.tv\/prunettetv\">Twitch<\/a><\/p>\n\n\n\n<p class=\"has-small-font-size\">\u2022 <a href=\"https:\/\/throne.com\/xoxoprune\">Wishlist<\/a><\/p>\n\n\n\n<p class=\"has-small-font-size\"><em><strong>Adresse BTC<\/strong><\/em> 33v73oBu4tUUPoevZ8FGVVnJ8mgDs1fRZS<\/p>\n\n\n\n<p class=\"has-small-font-size\">\u2022 Le <a href=\"http:\/\/www.teletravail-du-sexe.com\/\">documentaire \u00ab\u00a0T\u00e9l\u00e9travail du sexe\u00a0\u00bb<\/a> (2024) que j&rsquo;ai co-r\u00e9alis\u00e9 avec <a href=\"https:\/\/bsky.app\/profile\/carminamina.bsky.social\">Carmina<\/a><\/p>\n\n\n\n<p><\/p>\n","protected":false},"excerpt":{"rendered":"<p>Voici les liens vers mes diff\u00e9rentes plateformes priv\u00e9es &amp; mes r\u00e9seaux sociaux. Les fraises \ud83c\udf53 symbolisent un lien menant vers un site pour adulte, interdit aux moins de 18 ans. \ud83c\udf53 OnlyFans \ud83c\udf53 Stripchat \ud83c\udf53 MYM \ud83c\udf53 Canal Telegram \u2022 Serveur Discord &#8211; pour les alertes de live \u2022 BlueSky \u2022 Twitch \u2022 Wishlist Adresse [&hellip;]<\/p>\n","protected":false},"author":1,"featured_media":0,"parent":0,"menu_order":0,"comment_status":"closed","ping_status":"open","template":"","meta":{"_monsterinsights_skip_tracking":false,"_monsterinsights_sitenote_active":false,"_monsterinsights_sitenote_note":"","_monsterinsights_sitenote_category":0,"footnotes":""},"class_list":["post-2","page","type-page","status-publish","hentry"],"_links":{"self":[{"href":"https:\/\/xoxoprune.com\/index.php\/wp-json\/wp\/v2\/pages\/2","targetHints":{"allow":["GET"]}}],"collection":[{"href":"https:\/\/xoxoprune.com\/index.php\/wp-json\/wp\/v2\/pages"}],"about":[{"href":"https:\/\/xoxoprune.com\/index.php\/wp-json\/wp\/v2\/types\/page"}],"author":[{"embeddable":true,"href":"https:\/\/xoxoprune.com\/index.php\/wp-json\/wp\/v2\/users\/1"}],"replies":[{"embeddable":true,"href":"https:\/\/xoxoprune.com\/index.php\/wp-json\/wp\/v2\/comments?post=2"}],"version-history":[{"count":34,"href":"https:\/\/xoxoprune.com\/index.php\/wp-json\/wp\/v2\/pages\/2\/revisions"}],"predecessor-version":[{"id":156,"href":"https:\/\/xoxoprune.com\/index.php\/wp-json\/wp\/v2\/pages\/2\/revisions\/156"}],"wp:attachment":[{"href":"https:\/\/xoxoprune.com\/index.php\/wp-json\/wp\/v2\/media?parent=2"}],"curies":[{"name":"wp","href":"https:\/\/api.w.org\/{rel}","templated":true}]}}